{"id":6742,"date":"2019-07-12T10:19:34","date_gmt":"2019-07-12T07:19:34","guid":{"rendered":"https:\/\/angiad.org.tr\/chi-siamo\/disciplinary-and-supervisory-board\/"},"modified":"2025-06-13T13:50:11","modified_gmt":"2025-06-13T10:50:11","slug":"consiglio-di-disciplina-e-sorveglianza","status":"publish","type":"page","link":"https:\/\/angiad.org.tr\/it\/chi-siamo\/consiglio-di-disciplina-e-sorveglianza\/","title":{"rendered":"Consiglio di disciplina e sorveglianza"},"content":{"rendered":"<p>[et_pb_section fb_built=&#8221;1&#8243; _builder_version=&#8221;4.16&#8243; background_color=&#8221;#F2F7FE&#8221; custom_padding=&#8221;1px||0px|||&#8221; collapsed=&#8221;off&#8221; global_colors_info=&#8221;{}&#8221;][et_pb_row _builder_version=&#8221;4.16&#8243; global_colors_info=&#8221;{}&#8221;][et_pb_column type=&#8221;4_4&#8243; _builder_version=&#8221;4.16&#8243; global_colors_info=&#8221;{}&#8221;][et_pb_text _builder_version=&#8221;4.21.0&#8243; _dynamic_attributes=&#8221;content&#8221; text_font=&#8221;|300|||||||&#8221; text_text_color=&#8221;#071775&#8243; text_font_size=&#8221;16px&#8221; link_font=&#8221;||||||||&#8221; link_font_size=&#8221;24px&#8221; header_font=&#8221;||||||||&#8221; global_colors_info=&#8221;{}&#8221;]@ET-DC@eyJkeW5hbWljIjp0cnVlLCJjb250ZW50IjoicG9zdF9saW5rIiwic2V0dGluZ3MiOnsiYmVmb3JlIjoiIiwiYWZ0ZXIiOiIiLCJ0ZXh0IjoiY3VzdG9tIiwiY3VzdG9tX3RleHQiOiJDaGkgc2lhbW8ifX0=@[\/et_pb_text][\/et_pb_column][\/et_pb_row][\/et_pb_section][et_pb_section fb_built=&#8221;1&#8243; specialty=&#8221;on&#8221; _builder_version=&#8221;4.16&#8243; custom_padding=&#8221;0px|||||&#8221; global_colors_info=&#8221;{}&#8221;][et_pb_column type=&#8221;1_4&#8243; _builder_version=&#8221;4.16&#8243; custom_padding=&#8221;|||&#8221; global_colors_info=&#8221;{}&#8221; custom_padding__hover=&#8221;|||&#8221;][et_pb_sidebar area=&#8221;et_pb_widget_area_2&#8243; _builder_version=&#8221;4.16&#8243; global_colors_info=&#8221;{}&#8221;][\/et_pb_sidebar][\/et_pb_column][et_pb_column type=&#8221;3_4&#8243; specialty_columns=&#8221;3&#8243; _builder_version=&#8221;4.16&#8243; custom_padding=&#8221;|||&#8221; global_colors_info=&#8221;{}&#8221; custom_padding__hover=&#8221;|||&#8221;][et_pb_row_inner column_structure=&#8221;undefined&#8221; _builder_version=&#8221;4.16&#8243; global_colors_info=&#8221;{}&#8221;][et_pb_column_inner type=&#8221;undefined&#8221; saved_specialty_column_type=&#8221;3_4&#8243; _builder_version=&#8221;4.16&#8243; custom_padding=&#8221;|||&#8221; global_colors_info=&#8221;{}&#8221; custom_padding__hover=&#8221;|||&#8221;][et_pb_text admin_label=&#8221;baslik&#8221; _builder_version=&#8221;4.21.0&#8243; header_font=&#8221;||||||||&#8221; header_2_font=&#8221;||||||||&#8221; header_2_text_color=&#8221;#071775&#8243; header_2_font_size=&#8221;36px&#8221; header_2_line_height=&#8221;42px&#8221; custom_margin=&#8221;-2px|||||&#8221; custom_padding=&#8221;0px||2px|||&#8221; global_colors_info=&#8221;{}&#8221;]<\/p>\n<h2 style=\"text-align: left;\">Consiglio di disciplina e sorveglianza<\/h2>\n<p>[\/et_pb_text][et_pb_team_member name=&#8221;\u00d6ZG\u00dcR U\u011eUR&#8221; image_url=&#8221;https:\/\/angiad.org.tr\/wp-content\/uploads\/2025\/06\/af12b64c-b5b9-43f3-90dd-82457934fa1b-Kopya.jpeg&#8221; _builder_version=&#8221;4.27.4&#8243; header_font=&#8221;||||||||&#8221; header_font_size=&#8221;26px&#8221; body_font=&#8221;||||||||&#8221; body_text_color=&#8221;#2555c9&#8243; position_font=&#8221;||||||||&#8221; position_text_color=&#8221;#2555c9&#8243; custom_margin=&#8221;||30px|&#8221; custom_padding=&#8221;||&#8221; custom_css_member_image=&#8221;z-index: 9999;||margin-top: -0px;||border: 4px solid #2555C9;||zoom: 0.75;||padding: 10px;&#8221; custom_css_title=&#8221;padding-top: 25px;||padding-bottom: 20px;||background: #2555C9;||color: #fff;||margin-bottom: 25px;&#8221; custom_css_member_position=&#8221;padding: 20px 20px 20px 0;||&#8221; border_radii=&#8221;on|6px|6px|6px|6px&#8221; border_radii_image=&#8221;on|6px|6px|6px|6px&#8221; box_shadow_style=&#8221;preset1&#8243; box_shadow_horizontal=&#8221;2px&#8221; box_shadow_blur=&#8221;6px&#8221; box_shadow_color=&#8221;rgba(7,23,117,0.2)&#8221; locked=&#8221;off&#8221; global_colors_info=&#8221;{}&#8221;]<\/p>\n<p>Ufficio : <strong>Presidente del Consiglio di Sorveglianza<\/strong><\/p>\n<p>[\/et_pb_team_member][\/et_pb_column_inner][\/et_pb_row_inner][et_pb_row_inner column_structure=&#8221;1_2,1_2&#8243; use_custom_gutter=&#8221;on&#8221; gutter_width=&#8221;2&#8243; _builder_version=&#8221;4.16&#8243; min_height=&#8221;555px&#8221; custom_padding=&#8221;3px|||||&#8221; global_colors_info=&#8221;{}&#8221;][et_pb_column_inner type=&#8221;1_2&#8243; saved_specialty_column_type=&#8221;3_4&#8243; _builder_version=&#8221;4.16&#8243; global_colors_info=&#8221;{}&#8221;][et_pb_blurb title=&#8221;MEHMET NA\u0130L \u015eEKERC\u0130&#8221; image=&#8221;https:\/\/angiad.org.tr\/wp-content\/uploads\/2025\/06\/ANGIAD-LOGO-5.png&#8221; icon_placement=&#8221;left&#8221; image_icon_width=&#8221;140px&#8221; _builder_version=&#8221;4.27.4&#8243; header_font=&#8221;||||||||&#8221; header_font_size=&#8221;19px&#8221; body_font=&#8221;||||||||&#8221; body_text_color=&#8221;#2555c9&#8243; body_font_size=&#8221;12px&#8221; body_line_height=&#8221;1.4em&#8221; hover_enabled=&#8221;0&#8243; custom_css_main_element=&#8221;padding-left: 0 !important;&#8221; custom_css_blurb_title=&#8221;padding-top: 10px;||background: #2555c9;||color: #fff;||padding-left: 16px;||margin-left: -16px;||margin-bottom: 10px;||margin-right: -1px;&#8221; border_radii=&#8221;on|6px|6px|6px|6px&#8221; border_radii_image=&#8221;|6px|||6px&#8221; box_shadow_style=&#8221;preset1&#8243; box_shadow_horizontal=&#8221;2px&#8221; box_shadow_blur=&#8221;6px&#8221; box_shadow_color=&#8221;rgba(7,23,117,0.2)&#8221; image_max_width=&#8221;140px&#8221; global_colors_info=&#8221;{}&#8221; sticky_enabled=&#8221;0&#8243;]<\/p>\n<p>Ufficio: <strong>Membro del Consiglio di Sorveglianza<\/strong><\/p>\n<p>[\/et_pb_blurb][et_pb_blurb title=&#8221;MUSTAFA \u00d6ZASLAN&#8221; image=&#8221;https:\/\/angiad.org.tr\/wp-content\/uploads\/2025\/06\/ANGIAD-LOGO-5.png&#8221; icon_placement=&#8221;left&#8221; image_icon_width=&#8221;140px&#8221; _builder_version=&#8221;4.27.4&#8243; header_font=&#8221;||||||||&#8221; header_font_size=&#8221;19px&#8221; body_font=&#8221;||||||||&#8221; body_text_color=&#8221;#2555c9&#8243; body_font_size=&#8221;12px&#8221; body_line_height=&#8221;1.4em&#8221; hover_enabled=&#8221;0&#8243; custom_css_main_element=&#8221;padding-left: 0 !important;&#8221; custom_css_blurb_title=&#8221;padding-top: 10px;||background: #2555c9;||color: #fff;||padding-left: 16px;||margin-left: -16px;||margin-bottom: 10px;||margin-right: -1px;&#8221; border_radii=&#8221;on|6px|6px|6px|6px&#8221; border_radii_image=&#8221;|6px|||6px&#8221; box_shadow_style=&#8221;preset1&#8243; box_shadow_horizontal=&#8221;2px&#8221; box_shadow_blur=&#8221;6px&#8221; box_shadow_color=&#8221;rgba(7,23,117,0.2)&#8221; image_max_width=&#8221;140px&#8221; global_colors_info=&#8221;{}&#8221; sticky_enabled=&#8221;0&#8243;]<\/p>\n<p>Ufficio: <strong>Membro del Consiglio di Sorveglianza<\/strong><\/p>\n<p>[\/et_pb_blurb][et_pb_blurb title=&#8221;H\u0130LM\u0130 HAKCI&#8221; image=&#8221;https:\/\/angiad.org.tr\/wp-content\/uploads\/2025\/06\/ANGIAD-LOGO-5.png&#8221; icon_placement=&#8221;left&#8221; image_icon_width=&#8221;140px&#8221; _builder_version=&#8221;4.27.4&#8243; header_font=&#8221;||||||||&#8221; header_font_size=&#8221;19px&#8221; body_font=&#8221;||||||||&#8221; body_text_color=&#8221;#2555c9&#8243; body_font_size=&#8221;12px&#8221; body_line_height=&#8221;1.4em&#8221; hover_enabled=&#8221;0&#8243; custom_css_main_element=&#8221;padding-left: 0 !important;&#8221; custom_css_blurb_title=&#8221;padding-top: 10px;||background: #2555c9;||color: #fff;||padding-left: 16px;||margin-left: -16px;||margin-bottom: 10px;||margin-right: -1px;&#8221; border_radii=&#8221;on|6px|6px|6px|6px&#8221; border_radii_image=&#8221;|6px|||6px&#8221; box_shadow_style=&#8221;preset1&#8243; box_shadow_horizontal=&#8221;2px&#8221; box_shadow_blur=&#8221;6px&#8221; box_shadow_color=&#8221;rgba(7,23,117,0.2)&#8221; image_max_width=&#8221;140px&#8221; global_colors_info=&#8221;{}&#8221; sticky_enabled=&#8221;0&#8243;]<\/p>\n<p>Ufficio: <strong>Membro del Consiglio di Sorveglianza<\/strong><\/p>\n<p>[\/et_pb_blurb][et_pb_blurb title=&#8221;G\u00d6ZDE KOYUNCUO\u011eLU&#8221; image=&#8221;https:\/\/angiad.org.tr\/wp-content\/uploads\/2025\/06\/ANGIAD-LOGO-5.png&#8221; icon_placement=&#8221;left&#8221; image_icon_width=&#8221;140px&#8221; _builder_version=&#8221;4.27.4&#8243; header_font=&#8221;||||||||&#8221; header_font_size=&#8221;19px&#8221; body_font=&#8221;||||||||&#8221; body_text_color=&#8221;#2555c9&#8243; body_font_size=&#8221;12px&#8221; body_line_height=&#8221;1.4em&#8221; hover_enabled=&#8221;0&#8243; custom_css_main_element=&#8221;padding-left: 0 !important;&#8221; custom_css_blurb_title=&#8221;padding-top: 10px;||background: #2555c9;||color: #fff;||padding-left: 16px;||margin-left: -16px;||margin-bottom: 10px;||margin-right: -1px;&#8221; border_radii=&#8221;on|6px|6px|6px|6px&#8221; border_radii_image=&#8221;|6px|||6px&#8221; box_shadow_style=&#8221;preset1&#8243; box_shadow_horizontal=&#8221;2px&#8221; box_shadow_blur=&#8221;6px&#8221; box_shadow_color=&#8221;rgba(7,23,117,0.2)&#8221; image_max_width=&#8221;140px&#8221; global_colors_info=&#8221;{}&#8221; sticky_enabled=&#8221;0&#8243;]<\/p>\n<p>Ufficio: <strong>Membro del Consiglio di Sorveglianza<\/strong><\/p>\n<p>[\/et_pb_blurb][et_pb_blurb title=&#8221;\t ZEYNEP BEH\u0130YE ONUR&#8221; image=&#8221;https:\/\/angiad.org.tr\/wp-content\/uploads\/2025\/06\/ANGIAD-LOGO-5.png&#8221; icon_placement=&#8221;left&#8221; image_icon_width=&#8221;140px&#8221; _builder_version=&#8221;4.27.4&#8243; header_font=&#8221;||||||||&#8221; header_font_size=&#8221;19px&#8221; body_font=&#8221;||||||||&#8221; body_text_color=&#8221;#2555c9&#8243; body_font_size=&#8221;12px&#8221; body_line_height=&#8221;1.4em&#8221; hover_enabled=&#8221;0&#8243; custom_css_main_element=&#8221;padding-left: 0 !important;&#8221; custom_css_blurb_title=&#8221;padding-top: 10px;||background: #2555c9;||color: #fff;||padding-left: 16px;||margin-left: -16px;||margin-bottom: 10px;||margin-right: -1px;&#8221; border_radii=&#8221;on|6px|6px|6px|6px&#8221; border_radii_image=&#8221;|6px|||6px&#8221; box_shadow_style=&#8221;preset1&#8243; box_shadow_horizontal=&#8221;2px&#8221; box_shadow_blur=&#8221;6px&#8221; box_shadow_color=&#8221;rgba(7,23,117,0.2)&#8221; image_max_width=&#8221;140px&#8221; global_colors_info=&#8221;{}&#8221; sticky_enabled=&#8221;0&#8243;]<\/p>\n<p>Ufficio: <strong>Membro del Consiglio di Sorveglianza<\/strong><\/p>\n<p>[\/et_pb_blurb][\/et_pb_column_inner][et_pb_column_inner type=&#8221;1_2&#8243; saved_specialty_column_type=&#8221;3_4&#8243; _builder_version=&#8221;4.16&#8243; global_colors_info=&#8221;{}&#8221;][\/et_pb_column_inner][\/et_pb_row_inner][et_pb_row_inner column_structure=&#8221;undefined&#8221; _builder_version=&#8221;4.16&#8243; global_colors_info=&#8221;{}&#8221;][et_pb_column_inner type=&#8221;undefined&#8221; saved_specialty_column_type=&#8221;3_4&#8243; _builder_version=&#8221;4.16&#8243; custom_padding=&#8221;|||&#8221; global_colors_info=&#8221;{}&#8221; custom_padding__hover=&#8221;|||&#8221;][et_pb_text admin_label=&#8221;baslik&#8221; _builder_version=&#8221;4.21.0&#8243; header_font=&#8221;||||||||&#8221; header_2_font=&#8221;||||||||&#8221; header_2_text_color=&#8221;#071775&#8243; header_2_font_size=&#8221;36px&#8221; header_2_line_height=&#8221;42px&#8221; custom_margin=&#8221;-2px|||||&#8221; custom_padding=&#8221;0px||2px|||&#8221; global_colors_info=&#8221;{}&#8221;]<\/p>\n<h2 style=\"text-align: left;\">Consiglio di disciplina e sorveglianza<\/h2>\n<p>[\/et_pb_text][et_pb_team_member name=&#8221;SAVA\u015e BAYTOK&#8221; image_url=&#8221;https:\/\/angiad.org.tr\/wp-content\/uploads\/2025\/06\/SAVAS-BAYTOK.jpeg&#8221; _builder_version=&#8221;4.27.4&#8243; header_font=&#8221;||||||||&#8221; header_font_size=&#8221;26px&#8221; body_font=&#8221;||||||||&#8221; body_text_color=&#8221;#2555c9&#8243; position_font=&#8221;||||||||&#8221; position_text_color=&#8221;#2555c9&#8243; custom_margin=&#8221;||30px|&#8221; custom_padding=&#8221;||&#8221; custom_css_member_image=&#8221;z-index: 9999;||margin-top: -0px;||border: 4px solid #2555C9;||zoom: 0.75;||padding: 10px;&#8221; custom_css_title=&#8221;padding-top: 25px;||padding-bottom: 20px;||background: #2555C9;||color: #fff;||margin-bottom: 25px;&#8221; custom_css_member_position=&#8221;padding: 20px 20px 20px 0;||&#8221; border_radii=&#8221;on|6px|6px|6px|6px&#8221; border_radii_image=&#8221;on|6px|6px|6px|6px&#8221; box_shadow_style=&#8221;preset1&#8243; box_shadow_horizontal=&#8221;2px&#8221; box_shadow_blur=&#8221;6px&#8221; box_shadow_color=&#8221;rgba(7,23,117,0.2)&#8221; locked=&#8221;off&#8221; global_colors_info=&#8221;{}&#8221;]<\/p>\n<p>Ufficio : <strong>Presidente del Consiglio Disciplinare<\/strong><\/p>\n<p>[\/et_pb_team_member][\/et_pb_column_inner][\/et_pb_row_inner][et_pb_row_inner column_structure=&#8221;1_2,1_2&#8243; use_custom_gutter=&#8221;on&#8221; gutter_width=&#8221;2&#8243; _builder_version=&#8221;4.16&#8243; min_height=&#8221;555px&#8221; custom_padding=&#8221;3px|||||&#8221; global_colors_info=&#8221;{}&#8221;][et_pb_column_inner type=&#8221;1_2&#8243; saved_specialty_column_type=&#8221;3_4&#8243; _builder_version=&#8221;4.16&#8243; global_colors_info=&#8221;{}&#8221;][et_pb_blurb title=&#8221;\t \u0130LKAY UYAR KABA&#8221; image=&#8221;https:\/\/angiad.org.tr\/wp-content\/uploads\/2025\/06\/ANGIAD-LOGO-5.png&#8221; icon_placement=&#8221;left&#8221; image_icon_width=&#8221;140px&#8221; _builder_version=&#8221;4.27.4&#8243; header_font=&#8221;||||||||&#8221; header_font_size=&#8221;19px&#8221; body_font=&#8221;||||||||&#8221; body_text_color=&#8221;#2555c9&#8243; body_font_size=&#8221;12px&#8221; body_line_height=&#8221;1.4em&#8221; custom_css_main_element=&#8221;padding-left: 0 !important;&#8221; custom_css_blurb_title=&#8221;padding-top: 10px;||background: #2555c9;||color: #fff;||padding-left: 16px;||margin-left: -16px;||margin-bottom: 10px;||margin-right: -1px;&#8221; border_radii=&#8221;on|6px|6px|6px|6px&#8221; border_radii_image=&#8221;|6px|||6px&#8221; box_shadow_style=&#8221;preset1&#8243; box_shadow_horizontal=&#8221;2px&#8221; box_shadow_blur=&#8221;6px&#8221; box_shadow_color=&#8221;rgba(7,23,117,0.2)&#8221; image_max_width=&#8221;140px&#8221; global_colors_info=&#8221;{}&#8221;]<\/p>\n<p>Ufficio: <strong>Membro del Consiglio Disciplinare\u00a0<\/strong><\/p>\n<p>[\/et_pb_blurb][et_pb_blurb title=&#8221;AL\u0130 KARGA&#8221; image=&#8221;https:\/\/angiad.org.tr\/wp-content\/uploads\/2025\/06\/ANGIAD-LOGO-5.png&#8221; icon_placement=&#8221;left&#8221; image_icon_width=&#8221;140px&#8221; _builder_version=&#8221;4.27.4&#8243; header_font=&#8221;||||||||&#8221; header_font_size=&#8221;19px&#8221; body_font=&#8221;||||||||&#8221; body_text_color=&#8221;#2555c9&#8243; body_font_size=&#8221;12px&#8221; body_line_height=&#8221;1.4em&#8221; custom_css_main_element=&#8221;padding-left: 0 !important;&#8221; custom_css_blurb_title=&#8221;padding-top: 10px;||background: #2555c9;||color: #fff;||padding-left: 16px;||margin-left: -16px;||margin-bottom: 10px;||margin-right: -1px;&#8221; border_radii=&#8221;on|6px|6px|6px|6px&#8221; border_radii_image=&#8221;|6px|||6px&#8221; box_shadow_style=&#8221;preset1&#8243; box_shadow_horizontal=&#8221;2px&#8221; box_shadow_blur=&#8221;6px&#8221; box_shadow_color=&#8221;rgba(7,23,117,0.2)&#8221; image_max_width=&#8221;140px&#8221; global_colors_info=&#8221;{}&#8221;]<\/p>\n<p>Ufficio: <strong>Membro del Consiglio Disciplinare\u00a0<\/strong><\/p>\n<p>[\/et_pb_blurb][et_pb_blurb title=&#8221;NEC\u0130P YILDIRIM&#8221; image=&#8221;https:\/\/angiad.org.tr\/wp-content\/uploads\/2025\/06\/ANGIAD-LOGO-5.png&#8221; icon_placement=&#8221;left&#8221; image_icon_width=&#8221;140px&#8221; _builder_version=&#8221;4.27.4&#8243; header_font=&#8221;||||||||&#8221; header_font_size=&#8221;19px&#8221; body_font=&#8221;||||||||&#8221; body_text_color=&#8221;#2555c9&#8243; body_font_size=&#8221;12px&#8221; body_line_height=&#8221;1.4em&#8221; custom_css_main_element=&#8221;padding-left: 0 !important;&#8221; custom_css_blurb_title=&#8221;padding-top: 10px;||background: #2555c9;||color: #fff;||padding-left: 16px;||margin-left: -16px;||margin-bottom: 10px;||margin-right: -1px;&#8221; border_radii=&#8221;on|6px|6px|6px|6px&#8221; border_radii_image=&#8221;|6px|||6px&#8221; box_shadow_style=&#8221;preset1&#8243; box_shadow_horizontal=&#8221;2px&#8221; box_shadow_blur=&#8221;6px&#8221; box_shadow_color=&#8221;rgba(7,23,117,0.2)&#8221; image_max_width=&#8221;140px&#8221; global_colors_info=&#8221;{}&#8221;]<\/p>\n<p>Ufficio: <strong>Membro del Consiglio Disciplinare\u00a0<\/strong><\/p>\n<p>[\/et_pb_blurb][et_pb_blurb title=&#8221;BARAN BERK K\u00d6\u015eKER&#8221; image=&#8221;https:\/\/angiad.org.tr\/wp-content\/uploads\/2025\/06\/ANGIAD-LOGO-5.png&#8221; icon_placement=&#8221;left&#8221; image_icon_width=&#8221;140px&#8221; _builder_version=&#8221;4.27.4&#8243; header_font=&#8221;||||||||&#8221; header_font_size=&#8221;19px&#8221; body_font=&#8221;||||||||&#8221; body_text_color=&#8221;#2555c9&#8243; body_font_size=&#8221;12px&#8221; body_line_height=&#8221;1.4em&#8221; custom_css_main_element=&#8221;padding-left: 0 !important;&#8221; custom_css_blurb_title=&#8221;padding-top: 10px;||background: #2555c9;||color: #fff;||padding-left: 16px;||margin-left: -16px;||margin-bottom: 10px;||margin-right: -1px;&#8221; border_radii=&#8221;on|6px|6px|6px|6px&#8221; border_radii_image=&#8221;|6px|||6px&#8221; box_shadow_style=&#8221;preset1&#8243; box_shadow_horizontal=&#8221;2px&#8221; box_shadow_blur=&#8221;6px&#8221; box_shadow_color=&#8221;rgba(7,23,117,0.2)&#8221; image_max_width=&#8221;140px&#8221; global_colors_info=&#8221;{}&#8221;]<\/p>\n<p>Ufficio: <strong>Membro del Consiglio Disciplinare\u00a0<\/strong><\/p>\n<p>[\/et_pb_blurb][et_pb_blurb title=&#8221;M\u0130THAT CAN AKMAN&#8221; image=&#8221;https:\/\/angiad.org.tr\/wp-content\/uploads\/2025\/06\/ANGIAD-LOGO-5.png&#8221; icon_placement=&#8221;left&#8221; image_icon_width=&#8221;140px&#8221; _builder_version=&#8221;4.27.4&#8243; header_font=&#8221;||||||||&#8221; header_font_size=&#8221;19px&#8221; body_font=&#8221;||||||||&#8221; body_text_color=&#8221;#2555c9&#8243; body_font_size=&#8221;12px&#8221; body_line_height=&#8221;1.4em&#8221; custom_css_main_element=&#8221;padding-left: 0 !important;&#8221; custom_css_blurb_title=&#8221;padding-top: 10px;||background: #2555c9;||color: #fff;||padding-left: 16px;||margin-left: -16px;||margin-bottom: 10px;||margin-right: -1px;&#8221; border_radii=&#8221;on|6px|6px|6px|6px&#8221; border_radii_image=&#8221;|6px|||6px&#8221; box_shadow_style=&#8221;preset1&#8243; box_shadow_horizontal=&#8221;2px&#8221; box_shadow_blur=&#8221;6px&#8221; box_shadow_color=&#8221;rgba(7,23,117,0.2)&#8221; image_max_width=&#8221;140px&#8221; global_colors_info=&#8221;{}&#8221;]<\/p>\n<p>Ufficio: <strong>Membro del Consiglio Disciplinare\u00a0<\/strong><\/p>\n<p>[\/et_pb_blurb][\/et_pb_column_inner][et_pb_column_inner type=&#8221;1_2&#8243; saved_specialty_column_type=&#8221;3_4&#8243; _builder_version=&#8221;4.16&#8243; global_colors_info=&#8221;{}&#8221;][\/et_pb_column_inner][\/et_pb_row_inner][\/et_pb_column][\/et_pb_section]<\/p>\n","protected":false},"excerpt":{"rendered":"<p>Consiglio di disciplina e sorveglianzaUfficio : Presidente del Consiglio di SorveglianzaUfficio: Membro del Consiglio di SorveglianzaUfficio: Membro del Consiglio di SorveglianzaUfficio: Membro del Consiglio di SorveglianzaUfficio: Membro del Consiglio di SorveglianzaUfficio: Membro del Consiglio di SorveglianzaConsiglio di disciplina e sorveglianzaUfficio : Presidente del Consiglio DisciplinareUfficio: Membro del Consiglio Disciplinare\u00a0Ufficio: Membro del Consiglio Disciplinare\u00a0Ufficio: Membro del [&hellip;]<\/p>\n","protected":false},"author":1,"featured_media":0,"parent":6461,"menu_order":0,"comment_status":"closed","ping_status":"closed","template":"","meta":{"_et_pb_use_builder":"on","_et_pb_old_content":"","_et_gb_content_width":"","footnotes":""},"class_list":["post-6742","page","type-page","status-publish","hentry"],"_links":{"self":[{"href":"https:\/\/angiad.org.tr\/it\/wp-json\/wp\/v2\/pages\/6742","targetHints":{"allow":["GET"]}}],"collection":[{"href":"https:\/\/angiad.org.tr\/it\/wp-json\/wp\/v2\/pages"}],"about":[{"href":"https:\/\/angiad.org.tr\/it\/wp-json\/wp\/v2\/types\/page"}],"author":[{"embeddable":true,"href":"https:\/\/angiad.org.tr\/it\/wp-json\/wp\/v2\/users\/1"}],"replies":[{"embeddable":true,"href":"https:\/\/angiad.org.tr\/it\/wp-json\/wp\/v2\/comments?post=6742"}],"version-history":[{"count":5,"href":"https:\/\/angiad.org.tr\/it\/wp-json\/wp\/v2\/pages\/6742\/revisions"}],"predecessor-version":[{"id":10872,"href":"https:\/\/angiad.org.tr\/it\/wp-json\/wp\/v2\/pages\/6742\/revisions\/10872"}],"up":[{"embeddable":true,"href":"https:\/\/angiad.org.tr\/it\/wp-json\/wp\/v2\/pages\/6461"}],"wp:attachment":[{"href":"https:\/\/angiad.org.tr\/it\/wp-json\/wp\/v2\/media?parent=6742"}],"curies":[{"name":"wp","href":"https:\/\/api.w.org\/{rel}","templated":true}]}}