{"id":6545,"date":"2019-07-11T15:19:38","date_gmt":"2019-07-11T12:19:38","guid":{"rendered":"https:\/\/angiad.org.tr\/chi-siamo\/aziendale\/organizational-structure\/"},"modified":"2023-06-06T10:54:29","modified_gmt":"2023-06-06T07:54:29","slug":"struttura-organizzativa","status":"publish","type":"page","link":"https:\/\/angiad.org.tr\/it\/chi-siamo\/aziendale\/struttura-organizzativa\/","title":{"rendered":"Struttura Organizzativa"},"content":{"rendered":"<p>[et_pb_section fb_built=&#8221;1&#8243; _builder_version=&#8221;4.16&#8243; background_color=&#8221;#F2F7FE&#8221; custom_padding=&#8221;1px||0px|||&#8221; global_colors_info=&#8221;{}&#8221;][et_pb_row _builder_version=&#8221;4.16&#8243; global_colors_info=&#8221;{}&#8221;][et_pb_column type=&#8221;4_4&#8243; _builder_version=&#8221;4.16&#8243; global_colors_info=&#8221;{}&#8221;][et_pb_text _builder_version=&#8221;4.21.0&#8243; _dynamic_attributes=&#8221;content&#8221; text_font=&#8221;|300|||||||&#8221; text_text_color=&#8221;#071775&#8243; text_font_size=&#8221;16px&#8221; link_font=&#8221;||||||||&#8221; link_font_size=&#8221;24px&#8221; hover_enabled=&#8221;0&#8243; global_colors_info=&#8221;{}&#8221; sticky_enabled=&#8221;0&#8243;]@ET-DC@eyJkeW5hbWljIjp0cnVlLCJjb250ZW50IjoicG9zdF9saW5rIiwic2V0dGluZ3MiOnsiYmVmb3JlIjoiQ2hpIHNpYW1vICZndDsgICIsImFmdGVyIjoiIiwidGV4dCI6ImN1c3RvbSIsImN1c3RvbV90ZXh0IjoiQXppZW5kYWxlIn19@[\/et_pb_text][\/et_pb_column][\/et_pb_row][\/et_pb_section][et_pb_section fb_built=&#8221;1&#8243; specialty=&#8221;on&#8221; _builder_version=&#8221;4.16&#8243; custom_padding=&#8221;0px|||||&#8221; global_colors_info=&#8221;{}&#8221;][et_pb_column type=&#8221;1_4&#8243; _builder_version=&#8221;4.16&#8243; custom_padding=&#8221;|||&#8221; global_colors_info=&#8221;{}&#8221; custom_padding__hover=&#8221;|||&#8221;][et_pb_sidebar area=&#8221;et_pb_widget_area_1&#8243; _builder_version=&#8221;4.16&#8243; global_colors_info=&#8221;{}&#8221;][\/et_pb_sidebar][\/et_pb_column][et_pb_column type=&#8221;3_4&#8243; specialty_columns=&#8221;3&#8243; _builder_version=&#8221;4.16&#8243; custom_padding=&#8221;|||&#8221; global_colors_info=&#8221;{}&#8221; custom_padding__hover=&#8221;|||&#8221;][et_pb_row_inner _builder_version=&#8221;4.16&#8243; global_colors_info=&#8221;{}&#8221;][et_pb_column_inner saved_specialty_column_type=&#8221;3_4&#8243; _builder_version=&#8221;4.16&#8243; custom_padding=&#8221;|||&#8221; global_colors_info=&#8221;{}&#8221; custom_padding__hover=&#8221;|||&#8221;][et_pb_text admin_label=&#8221;baslik&#8221; _builder_version=&#8221;4.21.0&#8243; header_font=&#8221;||||||||&#8221; header_2_font=&#8221;||||||||&#8221; header_2_text_color=&#8221;#003688&#8243; header_2_font_size=&#8221;36px&#8221; header_2_line_height=&#8221;42px&#8221; custom_margin=&#8221;||15px|||&#8221; hover_enabled=&#8221;0&#8243; global_colors_info=&#8221;{}&#8221; sticky_enabled=&#8221;0&#8243;]<\/p>\n<h2>Struttura Organizzativa<\/h2>\n<p>[\/et_pb_text][et_pb_text _builder_version=&#8221;4.21.0&#8243; custom_padding=&#8221;||0px|||&#8221; hover_enabled=&#8221;0&#8243; global_colors_info=&#8221;{}&#8221; sticky_enabled=&#8221;0&#8243;]<\/p>\n<h2>Costituzione dei membri<br \/>\n<\/h2>\n<p style=\"text-align: justify;\">L&#8217;unico obiettivo che ogni proprietario dell&#8217;azienda, manager o tutti i membri autorizzati a rappresentare che sono membri dell&#8217;Associazione perseguir\u00e0 come membri di ANGIAD, \u00e8 che senza ignorare il loro diritto di essere un difensore o un sostenitore di un partito, deve difendere l&#8217;idea che &#8220;ANGIAD \u00e8 solo una parte del mondo degli affari&#8221;. Tutti i membri di ANGIAD sono obbligati ad essere uomini e donne d&#8217;affari prudenti, a partecipare alle attivit\u00e0 dell&#8217;associazione al pi\u00f9 alto livello e ad adempiere alle responsabilit\u00e0 che assumono all&#8217;interno degli organi dell&#8217;associazione.<\/p>\n<p style=\"text-align: justify;\">Tra le attivit\u00e0 principali dei membri di ANGIAD possiamo annoverare; se ci sar\u00e0 una legge relativa al settore in tutti i tipi di studi relativi ai settori, ad esempio, se esiste una situazione che pu\u00f2 causare problemi nel mondo degli affari relativi al settore, sar\u00e0 necessario rivolgersi alla commissione competente all&#8217;interno dell&#8217;associazione per fare le obiezioni necessarie a questo proposito e per prendere appuntamenti con tutti i ministeri, gli organi e le autorit\u00e0 simili pertinenti e per seguire e finalizzare gli studi relativi ai pareri e alle obiezioni in questione e per presentarli alle commissioni competenti e al Consiglio di amministrazione.<\/p>\n<h2 style=\"text-align: justify;\">Condizioni di adesione<\/h2>\n<p style=\"text-align: justify;\"><strong>a) ADESIONE COMPLETA:<\/strong> Le persone reali che hanno la capacit\u00e0 di agire possono essere membri dell&#8217;associazione. Per diventare socio \u00e8 obbligatorio rivolgersi per iscritto al Consiglio di Amministrazione. La raccomandazione di due membri dell&#8217;associazione \u00e8 richiesta quando la persona che vuole diventare membro dell&#8217;associazione accetta membri dell&#8217;associazione. Se la persona che vuole essere membro dell&#8217;associazione conosce un solo membro dell&#8217;associazione; Il socio di riferimento presenta la persona che vuole essere socio dell&#8217;associazione ad un altro socio e la domanda viene ricevuta dopo aver assicurato la sua partecipazione ad almeno due attivit\u00e0 associative. La Commissione di ammissione dei membri valuta la domanda entro 7 giorni al pi\u00f9 tardi e presenta la sua relazione al Consiglio di amministrazione con il suo parere. Il Consiglio di amministrazione discute la candidatura del candidato membro e prende la sua decisione. Questo periodo non pu\u00f2 superare i 30 giorni dalla data di applicazione. I cittadini non turchi devono avere il diritto di risiedere in Turchia. In caso di rifiuto di accettare l&#8217;adesione, non vi \u00e8 alcun obbligo di motivazione, e la decisione presa dal socio la cui domanda non \u00e8 accettata deve essere notificata per iscritto dal Segretario Generale dell&#8217;Associazione. Il Segretario Generale dell&#8217;Associazione annuncia il membro accettato ai membri dell&#8217;associazione ed esegue le procedure relative all&#8217;accettazione e d\u00e0 informazioni scritte al membro. <\/p>\n<p style=\"text-align: justify;\"><strong>b) SOCIO ONORARIO :<\/strong> Coloro che sono ritenuti opportuni dal mondo scientifico e imprenditoriale possono essere nominati membri onorari con decisione del consiglio di amministrazione. Inoltre, i membri che hanno compiuto l&#8217;et\u00e0 di 49 anni terminano la loro piena iscrizione e diventano membri onorari. I soci onorari possono partecipare alle attivit\u00e0 dell&#8217;Associazione, ma non possono votare in Assemblea Generale. I pagamenti delle quote sono volontari. Non vi \u00e8 alcun requisito di residenza per l&#8217;appartenenza onoraria. I membri dell&#8217;associazione hanno pari diritti. Non c&#8217;\u00e8 differenza tra i membri in base alla lingua, alla razza, al colore, al genere, alla religione, alla nazionalit\u00e0 e alla setta, alla famiglia, al gruppo e alla classe. I soci hanno il diritto di partecipare alle attivit\u00e0 dell&#8217;associazione e di ottenere informazioni. L&#8217;e-mail \u00e8 essenziale per comunicare con i membri.\n<\/p>\n<p style=\"text-align: justify;\">I soci possono lasciare l&#8217;associazione in qualsiasi momento. Devono notificare per iscritto al Consiglio di Amministrazione tale richiesta e restituire gli infissi dell&#8217;associazione se hanno pagato i debiti accumulati.\n<\/p>\n<p style=\"text-align: justify;\"><strong>a)<\/strong> Coloro che non versano la propria quota senza giustificazione entro i 30 giorni successivi alla comunicazione nonostante la richiesta scritta del Consiglio di Amministrazione\n<\/p>\n<p style=\"text-align: justify;\"><strong>b)<\/strong>  Coloro che agiscono in contrasto con le leggi e gli statuti dell&#8217;associazione o che sono dannosi per lo scopo,\n<\/p>\n<p style=\"text-align: justify;\"><strong>c)<\/strong>Coloro che sono stati condannati per un atto vergognoso o severamente punibile;\n<\/p>\n<p style=\"text-align: justify;\"><strong>d)<\/strong>Coloro che agiscono in contrasto con le decisioni dell&#8217;Assemblea Generale,<\/p>\n<p style=\"text-align: justify;\"><strong>e)<\/strong>Coloro che sono rimossi dall&#8217;associazione in conformit\u00e0 con la lettera a) possono essere nuovamente registrati con decisione del Consiglio di Amministrazione. <\/p>\n<p>Il Consiglio di amministrazione notifica per iscritto alla Commissione di disciplina lo status del membro che ha compiuto gli atti sopra descritti. La commissione di disciplina esamina la situazione del membro invitandolo a un colloquio. A seguito dell&#8217;esame, trasmette il suo parere scritto al Consiglio di amministrazione. Questo periodo non pu\u00f2 superare i 15 giorni dalla notifica della lettera sul membro. La decisione in merito alla cessazione dell&#8217;affiliazione viene presa dal Consiglio di Amministrazione previo parere del Consiglio di Disciplina e comunicata al membro. Il socio pu\u00f2 presentare ricorso contro questa decisione all&#8217;assemblea generale attraverso il Consiglio di Amministrazione entro 15 giorni dalla data di notifica. In tal caso, la decisione finale \u00e8 presa in occasione della prima assemblea generale. Il membro la cui iscrizione \u00e8 stata terminata pu\u00f2 partecipare a questa riunione solo come ascoltatore e, se necessario, la sua difesa sar\u00e0 ascoltata. La decisione dell&#8217;Assemblea Generale \u00e8 definitiva.<\/p>\n<p style=\"text-align: justify;\">I membri sono tenuti a pagare le quote accumulate. Il Consiglio di Amministrazione notificher\u00e0 al Consiglio Onorario lo status del socio che dovr\u00e0 essere destituito dall&#8217;Associazione. La decisione sulla cessazione dell&#8217;affiliazione \u00e8 presa dalla Corte d&#8217;onore. Tale decisione \u00e8 notificata al membro dal Consiglio di Amministrazione. Il socio pu\u00f2 presentare ricorso contro questa decisione all&#8217;assemblea generale attraverso il Consiglio di Amministrazione entro 15 giorni dalla data di notifica. In tal caso, la decisione finale \u00e8 presa in occasione della prima assemblea generale. Il membro la cui iscrizione \u00e8 stata terminata pu\u00f2 partecipare a questa riunione solo come ascoltatore e, se necessario, la sua difesa sar\u00e0 ascoltata. Coloro che partono e vengono espulsi dall&#8217;associazione non possono chiedere gli aiuti e le quote versate all&#8217;associazione..<\/p>\n<p>[\/et_pb_text][\/et_pb_column_inner][\/et_pb_row_inner][\/et_pb_column][\/et_pb_section]<\/p>\n","protected":false},"excerpt":{"rendered":"<p>Struttura OrganizzativaCostituzione dei membri L&#8217;unico obiettivo che ogni proprietario dell&#8217;azienda, manager o tutti i membri autorizzati a rappresentare che sono membri dell&#8217;Associazione perseguir\u00e0 come membri di ANGIAD, \u00e8 che senza ignorare il loro diritto di essere un difensore o un sostenitore di un partito, deve difendere l&#8217;idea che &#8220;ANGIAD \u00e8 solo una parte del mondo [&hellip;]<\/p>\n","protected":false},"author":1,"featured_media":0,"parent":6468,"menu_order":0,"comment_status":"closed","ping_status":"closed","template":"","meta":{"_et_pb_use_builder":"on","_et_pb_old_content":"","_et_gb_content_width":"","footnotes":""},"class_list":["post-6545","page","type-page","status-publish","hentry"],"_links":{"self":[{"href":"https:\/\/angiad.org.tr\/it\/wp-json\/wp\/v2\/pages\/6545","targetHints":{"allow":["GET"]}}],"collection":[{"href":"https:\/\/angiad.org.tr\/it\/wp-json\/wp\/v2\/pages"}],"about":[{"href":"https:\/\/angiad.org.tr\/it\/wp-json\/wp\/v2\/types\/page"}],"author":[{"embeddable":true,"href":"https:\/\/angiad.org.tr\/it\/wp-json\/wp\/v2\/users\/1"}],"replies":[{"embeddable":true,"href":"https:\/\/angiad.org.tr\/it\/wp-json\/wp\/v2\/comments?post=6545"}],"version-history":[{"count":0,"href":"https:\/\/angiad.org.tr\/it\/wp-json\/wp\/v2\/pages\/6545\/revisions"}],"up":[{"embeddable":true,"href":"https:\/\/angiad.org.tr\/it\/wp-json\/wp\/v2\/pages\/6468"}],"wp:attachment":[{"href":"https:\/\/angiad.org.tr\/it\/wp-json\/wp\/v2\/media?parent=6545"}],"curies":[{"name":"wp","href":"https:\/\/api.w.org\/{rel}","templated":true}]}}